{"id":19,"date":"2022-06-01T18:05:03","date_gmt":"2022-06-01T16:05:03","guid":{"rendered":"https:\/\/pcwe.olecko.pl\/bip\/?page_id=19"},"modified":"2022-06-01T21:44:08","modified_gmt":"2022-06-01T19:44:08","slug":"strona-glowna","status":"publish","type":"page","link":"https:\/\/pcwe.olecko.pl\/bip\/","title":{"rendered":"Strona g\u0142\u00f3wna"},"content":{"rendered":"<h2>Wybierz sekcj\u0119 serwisu:<\/h2>\n<p>\t\t\t\t\t<a href=\"https:\/\/pcwe.olecko.pl\/bip\/category\/aktualnosci\/\"><\/p>\n<h2>\n\t\t\t\t\t\tAktualno\u015bci\t\t\t\t\t<\/h2>\n<p>\t\t\t\t\t\t<\/a><br \/>\n\t\t\t\t\t<a href=\"https:\/\/pcwe.olecko.pl\/bip\/category\/kadra\/\"><\/p>\n<h2>\n\t\t\t\t\t\tKadra\t\t\t\t\t<\/h2>\n<p>\t\t\t\t\t\t<\/a><br \/>\n\t\t\t\t\t<a href=\"https:\/\/pcwe.olecko.pl\/bip\/category\/praca\/\"><\/p>\n<h2>\n\t\t\t\t\t\tPraca\t\t\t\t\t<\/h2>\n<p>\t\t\t\t\t\t<\/a><br \/>\n\t\t\t\t\t<a href=\"https:\/\/pcwe.olecko.pl\/bip\/category\/sprawozdania-finansowe\/\"><\/p>\n<h2>\n\t\t\t\t\t\tSprawozdania finansowe\t\t\t\t\t<\/h2>\n<p>\t\t\t\t\t\t<\/a><br \/>\n\t\t\t\t\t<a href=\"https:\/\/pcwe.olecko.pl\/bip\/category\/zamowienia-publiczne\/\"><\/p>\n<h2>\n\t\t\t\t\t\tZam\u00f3wienia publiczne\t\t\t\t\t<\/h2>\n<p>\t\t\t\t\t\t<\/a><br \/>\n\t\t\t\t\t<a href=\"https:\/\/pcwe.olecko.pl\/bip\/kontakt\/\"><\/p>\n<h2>\n\t\t\t\t\t\tKontakt<\/p>\n<\/h2>\n<p>\t\t\t\t\t\t<\/a><\/p>\n<h2>Ostatnio dodane:<\/h2>\n","protected":false},"excerpt":{"rendered":"<p>Wybierz sekcj\u0119 serwisu: Aktualno\u015bci Kadra Praca Sprawozdania finansowe Zam\u00f3wienia publiczne Kontakt Ostatnio dodane:<\/p>\n","protected":false},"author":1,"featured_media":0,"parent":0,"menu_order":0,"comment_status":"closed","ping_status":"closed","template":"","meta":{"footnotes":""},"class_list":["post-19","page","type-page","status-publish","hentry","wpbf-post"],"_links":{"self":[{"href":"https:\/\/pcwe.olecko.pl\/bip\/wp-json\/wp\/v2\/pages\/19","targetHints":{"allow":["GET"]}}],"collection":[{"href":"https:\/\/pcwe.olecko.pl\/bip\/wp-json\/wp\/v2\/pages"}],"about":[{"href":"https:\/\/pcwe.olecko.pl\/bip\/wp-json\/wp\/v2\/types\/page"}],"author":[{"embeddable":true,"href":"https:\/\/pcwe.olecko.pl\/bip\/wp-json\/wp\/v2\/users\/1"}],"replies":[{"embeddable":true,"href":"https:\/\/pcwe.olecko.pl\/bip\/wp-json\/wp\/v2\/comments?post=19"}],"version-history":[{"count":49,"href":"https:\/\/pcwe.olecko.pl\/bip\/wp-json\/wp\/v2\/pages\/19\/revisions"}],"predecessor-version":[{"id":376,"href":"https:\/\/pcwe.olecko.pl\/bip\/wp-json\/wp\/v2\/pages\/19\/revisions\/376"}],"wp:attachment":[{"href":"https:\/\/pcwe.olecko.pl\/bip\/wp-json\/wp\/v2\/media?parent=19"}],"curies":[{"name":"wp","href":"https:\/\/api.w.org\/{rel}","templated":true}]}}